{"id":1081,"date":"2024-04-16T17:44:00","date_gmt":"2024-04-16T15:44:00","guid":{"rendered":"https:\/\/campabadalmorales.com\/coleccion-obac\/"},"modified":"2024-05-09T10:05:16","modified_gmt":"2024-05-09T08:05:16","slug":"obac","status":"publish","type":"page","link":"https:\/\/campabadalmorales.com\/es\/obac\/","title":{"rendered":"Colecci\u00f3n Obac"},"content":{"rendered":"\t\t<div data-elementor-type=\"wp-page\" data-elementor-id=\"1081\" class=\"elementor elementor-1081 elementor-768\" data-elementor-post-type=\"page\">\n\t\t\t\t<div class=\"elementor-element elementor-element-32ca76f e-flex e-con-boxed e-con e-parent\" data-id=\"32ca76f\" data-element_type=\"container\" data-e-type=\"container\">\n\t\t\t\t\t<div class=\"e-con-inner\">\n\t\t\t\t<div class=\"elementor-element elementor-element-4940aa9 elementor-widget elementor-widget-heading\" data-id=\"4940aa9\" data-element_type=\"widget\" data-e-type=\"widget\" data-widget_type=\"heading.default\">\n\t\t\t\t<div class=\"elementor-widget-container\">\n\t\t\t\t\t<h1 class=\"elementor-heading-title elementor-size-default\"><a href=\"https:\/\/campabadalmorales.com\/es\/\">mart\u00ed <b>campabadal morales<\/b><\/a><\/h1>\t\t\t\t<\/div>\n\t\t\t\t<\/div>\n\t\t\t\t<div class=\"elementor-element elementor-element-ecaf503 elementor-widget elementor-widget-heading\" data-id=\"ecaf503\" data-element_type=\"widget\" data-e-type=\"widget\" data-widget_type=\"heading.default\">\n\t\t\t\t<div class=\"elementor-widget-container\">\n\t\t\t\t\t<h3 class=\"elementor-heading-title elementor-size-default\"><a href=\"https:\/\/campabadalmorales.com\/es\/\">Colecci\u00f3n Obac<\/a><\/h3>\t\t\t\t<\/div>\n\t\t\t\t<\/div>\n\t\t\t\t<div class=\"elementor-element elementor-element-e55c3f6 elementor-widget elementor-widget-text-editor\" data-id=\"e55c3f6\" data-element_type=\"widget\" data-e-type=\"widget\" data-widget_type=\"text-editor.default\">\n\t\t\t\t<div class=\"elementor-widget-container\">\n\t\t\t\t\t\t\t\t\t<p><strong>OBAC <\/strong> es una colecci\u00f3n de piezas lum\u00ednicas que sale del deseo y la necesidad de iluminar mi casa a trav\u00e9s de mis propios medios. Una l\u00e1mpara para la mesita de noche (Sotabosc), una l\u00e1mpara para el espacio com\u00fan (Niu) y una l\u00e1mpara para la lectura (Clariana). Las tres, inspiradas en elementos de la naturaleza, se trabajan con la madera como estructura y con la fabricaci\u00f3n aditiva para las pantallas.<\/p>\n\t\t\t\t\t\t\t\t<\/div>\n\t\t\t\t<\/div>\n\t\t\t\t\t<\/div>\n\t\t\t\t<\/div>\n\t\t<div class=\"elementor-element elementor-element-5f1df76 e-flex e-con-boxed e-con e-parent\" data-id=\"5f1df76\" data-element_type=\"container\" data-e-type=\"container\">\n\t\t\t\t\t<div class=\"e-con-inner\">\n\t\t\t\t<div class=\"elementor-element elementor-element-ce7ab21 elementor-grid-3 elementor-grid-tablet-2 elementor-grid-mobile-1 elementor-widget elementor-widget-loop-grid\" data-id=\"ce7ab21\" data-element_type=\"widget\" data-e-type=\"widget\" data-settings=\"{&quot;template_id&quot;:1253,&quot;columns&quot;:3,&quot;_skin&quot;:&quot;post&quot;,&quot;columns_tablet&quot;:&quot;2&quot;,&quot;columns_mobile&quot;:&quot;1&quot;,&quot;edit_handle_selector&quot;:&quot;[data-elementor-type=\\&quot;loop-item\\&quot;]&quot;,&quot;row_gap&quot;:{&quot;unit&quot;:&quot;px&quot;,&quot;size&quot;:&quot;&quot;,&quot;sizes&quot;:[]},&quot;row_gap_tablet&quot;:{&quot;unit&quot;:&quot;px&quot;,&quot;size&quot;:&quot;&quot;,&quot;sizes&quot;:[]},&quot;row_gap_mobile&quot;:{&quot;unit&quot;:&quot;px&quot;,&quot;size&quot;:&quot;&quot;,&quot;sizes&quot;:[]}}\" data-widget_type=\"loop-grid.post\">\n\t\t\t\t<div class=\"elementor-widget-container\">\n\t\t\t\t\t\t\t<div class=\"elementor-loop-container elementor-grid\" role=\"list\">\n\t\t<style id=\"loop-1253\">.elementor-1253 .elementor-element.elementor-element-8a8b63e{--display:flex;--flex-direction:column;--container-widget-width:100%;--container-widget-height:initial;--container-widget-flex-grow:0;--container-widget-align-self:initial;--flex-wrap-mobile:wrap;--gap:5px 5px;--row-gap:5px;--column-gap:5px;--padding-top:0px;--padding-bottom:0px;--padding-left:0px;--padding-right:0px;}.elementor-widget-image .widget-image-caption{color:var( --e-global-color-text );font-family:var( --e-global-typography-text-font-family ), Sans-serif;font-weight:var( --e-global-typography-text-font-weight );}.elementor-1253 .elementor-element.elementor-element-a430e8b img{transition-duration:0.8s;}.elementor-widget-heading .elementor-heading-title{font-family:var( --e-global-typography-primary-font-family ), Sans-serif;font-weight:var( --e-global-typography-primary-font-weight );color:var( --e-global-color-primary );}.elementor-1253 .elementor-element.elementor-element-4c43a8c > .elementor-widget-container{margin:20px 0px 0px 0px;padding:0px 0px 0px 5px;}.elementor-widget-post-info .elementor-icon-list-item:not(:last-child):after{border-color:var( --e-global-color-text );}.elementor-widget-post-info .elementor-icon-list-icon i{color:var( --e-global-color-primary );}.elementor-widget-post-info .elementor-icon-list-icon svg{fill:var( --e-global-color-primary );}.elementor-widget-post-info .elementor-icon-list-text, .elementor-widget-post-info .elementor-icon-list-text a{color:var( --e-global-color-secondary );}.elementor-widget-post-info .elementor-icon-list-item{font-family:var( --e-global-typography-text-font-family ), Sans-serif;font-weight:var( --e-global-typography-text-font-weight );}.elementor-1253 .elementor-element.elementor-element-3836c46 .elementor-icon-list-icon{width:14px;}.elementor-1253 .elementor-element.elementor-element-3836c46 .elementor-icon-list-icon i{font-size:14px;}.elementor-1253 .elementor-element.elementor-element-3836c46 .elementor-icon-list-icon svg{--e-icon-list-icon-size:14px;}.elementor-1253 .elementor-element.elementor-element-3836c46 .elementor-icon-list-text, .elementor-1253 .elementor-element.elementor-element-3836c46 .elementor-icon-list-text a{color:var( --e-global-color-primary );}.elementor-1253 .elementor-element.elementor-element-3836c46 > .elementor-widget-container{padding:5px 05px 5px 06px;border-radius:0px 0px 0px 0px;}<\/style>\t\t<div data-elementor-type=\"loop-item\" data-elementor-id=\"1253\" class=\"elementor elementor-1253 elementor-408 elementor-408 e-loop-item e-loop-item-1104 post-1104 projecte type-projecte status-publish has-post-thumbnail hentry category-coleccion-obac category-lampara-de-sobremesa category-lampara-de-sobremesa-es tag-obac-es\" data-elementor-post-type=\"elementor_library\" data-custom-edit-handle=\"1\">\n\t\t\t<a class=\"elementor-element elementor-element-8a8b63e e-flex e-con-boxed e-con e-parent\" data-id=\"8a8b63e\" data-element_type=\"container\" data-e-type=\"container\" href=\"https:\/\/campabadalmorales.com\/es\/proyecto\/sotabosc\/\">\n\t\t\t\t\t<div class=\"e-con-inner\">\n\t\t\t\t<div class=\"elementor-element elementor-element-a430e8b elementor-widget elementor-widget-image\" data-id=\"a430e8b\" data-element_type=\"widget\" data-e-type=\"widget\" data-widget_type=\"image.default\">\n\t\t\t\t<div class=\"elementor-widget-container\">\n\t\t\t\t\t\t\t\t\t\t\t\t\t\t\t<img fetchpriority=\"high\" decoding=\"async\" width=\"805\" height=\"1200\" src=\"https:\/\/campabadalmorales.com\/wp-content\/uploads\/2024\/04\/campabadal-moralesi-sotabosc-4.jpg\" class=\"elementor-animation-shrink attachment-full size-full wp-image-692\" alt=\"\" srcset=\"https:\/\/campabadalmorales.com\/wp-content\/uploads\/2024\/04\/campabadal-moralesi-sotabosc-4.jpg 805w, https:\/\/campabadalmorales.com\/wp-content\/uploads\/2024\/04\/campabadal-moralesi-sotabosc-4-201x300.jpg 201w, https:\/\/campabadalmorales.com\/wp-content\/uploads\/2024\/04\/campabadal-moralesi-sotabosc-4-687x1024.jpg 687w, https:\/\/campabadalmorales.com\/wp-content\/uploads\/2024\/04\/campabadal-moralesi-sotabosc-4-768x1145.jpg 768w\" sizes=\"(max-width: 805px) 100vw, 805px\" \/>\t\t\t\t\t\t\t\t\t\t\t\t\t\t\t<\/div>\n\t\t\t\t<\/div>\n\t\t\t\t<div class=\"elementor-element elementor-element-4c43a8c elementor-widget elementor-widget-heading\" data-id=\"4c43a8c\" data-element_type=\"widget\" data-e-type=\"widget\" data-widget_type=\"heading.default\">\n\t\t\t\t<div class=\"elementor-widget-container\">\n\t\t\t\t\t<h3 class=\"elementor-heading-title elementor-size-default\">Sotabosc<\/h3>\t\t\t\t<\/div>\n\t\t\t\t<\/div>\n\t\t\t\t<div class=\"elementor-element elementor-element-3836c46 elementor-widget elementor-widget-post-info\" data-id=\"3836c46\" data-element_type=\"widget\" data-e-type=\"widget\" data-widget_type=\"post-info.default\">\n\t\t\t\t<div class=\"elementor-widget-container\">\n\t\t\t\t\t\t\t<ul class=\"elementor-inline-items elementor-icon-list-items elementor-post-info\">\n\t\t\t\t\t\t\t\t<li class=\"elementor-icon-list-item elementor-repeater-item-ff98075 elementor-inline-item\" itemprop=\"about\">\n\t\t\t\t\t\t\t\t\t\t\t\t\t<span class=\"elementor-icon-list-text elementor-post-info__item elementor-post-info__item--type-terms\">\n\t\t\t\t\t\t\t\t\t\t<span class=\"elementor-post-info__terms-list\">\n\t\t\t\t<span class=\"elementor-post-info__terms-list-item\">Colecci\u00f3n Obac<\/span>, <span class=\"elementor-post-info__terms-list-item\">L\u00e1mpara de sobremesa<\/span>, <span class=\"elementor-post-info__terms-list-item\">L\u00e1mpara de sobremesa<\/span>\t\t\t\t<\/span>\n\t\t\t\t\t<\/span>\n\t\t\t\t\t\t\t\t<\/li>\n\t\t\t\t<\/ul>\n\t\t\t\t\t\t<\/div>\n\t\t\t\t<\/div>\n\t\t\t\t\t<\/div>\n\t\t\t\t<\/a>\n\t\t\t\t<\/div>\n\t\t\t\t<div data-elementor-type=\"loop-item\" data-elementor-id=\"1253\" class=\"elementor elementor-1253 elementor-408 elementor-408 e-loop-item e-loop-item-1095 post-1095 projecte type-projecte status-publish has-post-thumbnail hentry category-coleccion-obac category-lampara-de-pie tag-obac-es\" data-elementor-post-type=\"elementor_library\" data-custom-edit-handle=\"1\">\n\t\t\t<a class=\"elementor-element elementor-element-8a8b63e e-flex e-con-boxed e-con e-parent\" data-id=\"8a8b63e\" data-element_type=\"container\" data-e-type=\"container\" href=\"https:\/\/campabadalmorales.com\/es\/proyecto\/clariana\/\">\n\t\t\t\t\t<div class=\"e-con-inner\">\n\t\t\t\t<div class=\"elementor-element elementor-element-a430e8b elementor-widget elementor-widget-image\" data-id=\"a430e8b\" data-element_type=\"widget\" data-e-type=\"widget\" data-widget_type=\"image.default\">\n\t\t\t\t<div class=\"elementor-widget-container\">\n\t\t\t\t\t\t\t\t\t\t\t\t\t\t\t<img decoding=\"async\" width=\"800\" height=\"1200\" src=\"https:\/\/campabadalmorales.com\/wp-content\/uploads\/2024\/04\/campabadal-moralesi-clariana-5.jpg\" class=\"elementor-animation-shrink attachment-full size-full wp-image-724\" alt=\"\" srcset=\"https:\/\/campabadalmorales.com\/wp-content\/uploads\/2024\/04\/campabadal-moralesi-clariana-5.jpg 800w, https:\/\/campabadalmorales.com\/wp-content\/uploads\/2024\/04\/campabadal-moralesi-clariana-5-200x300.jpg 200w, https:\/\/campabadalmorales.com\/wp-content\/uploads\/2024\/04\/campabadal-moralesi-clariana-5-683x1024.jpg 683w, https:\/\/campabadalmorales.com\/wp-content\/uploads\/2024\/04\/campabadal-moralesi-clariana-5-768x1152.jpg 768w\" sizes=\"(max-width: 800px) 100vw, 800px\" \/>\t\t\t\t\t\t\t\t\t\t\t\t\t\t\t<\/div>\n\t\t\t\t<\/div>\n\t\t\t\t<div class=\"elementor-element elementor-element-4c43a8c elementor-widget elementor-widget-heading\" data-id=\"4c43a8c\" data-element_type=\"widget\" data-e-type=\"widget\" data-widget_type=\"heading.default\">\n\t\t\t\t<div class=\"elementor-widget-container\">\n\t\t\t\t\t<h3 class=\"elementor-heading-title elementor-size-default\">Clariana<\/h3>\t\t\t\t<\/div>\n\t\t\t\t<\/div>\n\t\t\t\t<div class=\"elementor-element elementor-element-3836c46 elementor-widget elementor-widget-post-info\" data-id=\"3836c46\" data-element_type=\"widget\" data-e-type=\"widget\" data-widget_type=\"post-info.default\">\n\t\t\t\t<div class=\"elementor-widget-container\">\n\t\t\t\t\t\t\t<ul class=\"elementor-inline-items elementor-icon-list-items elementor-post-info\">\n\t\t\t\t\t\t\t\t<li class=\"elementor-icon-list-item elementor-repeater-item-ff98075 elementor-inline-item\" itemprop=\"about\">\n\t\t\t\t\t\t\t\t\t\t\t\t\t<span class=\"elementor-icon-list-text elementor-post-info__item elementor-post-info__item--type-terms\">\n\t\t\t\t\t\t\t\t\t\t<span class=\"elementor-post-info__terms-list\">\n\t\t\t\t<span class=\"elementor-post-info__terms-list-item\">Colecci\u00f3n Obac<\/span>, <span class=\"elementor-post-info__terms-list-item\">L\u00e1mpara de pie<\/span>\t\t\t\t<\/span>\n\t\t\t\t\t<\/span>\n\t\t\t\t\t\t\t\t<\/li>\n\t\t\t\t<\/ul>\n\t\t\t\t\t\t<\/div>\n\t\t\t\t<\/div>\n\t\t\t\t\t<\/div>\n\t\t\t\t<\/a>\n\t\t\t\t<\/div>\n\t\t\t\t<div data-elementor-type=\"loop-item\" data-elementor-id=\"1253\" class=\"elementor elementor-1253 elementor-408 elementor-408 e-loop-item e-loop-item-1089 post-1089 projecte type-projecte status-publish has-post-thumbnail hentry category-coleccion-obac-es category-lampara-de-sobremesa-es tag-obac-es\" data-elementor-post-type=\"elementor_library\" data-custom-edit-handle=\"1\">\n\t\t\t<a class=\"elementor-element elementor-element-8a8b63e e-flex e-con-boxed e-con e-parent\" data-id=\"8a8b63e\" data-element_type=\"container\" data-e-type=\"container\" href=\"https:\/\/campabadalmorales.com\/es\/proyecto\/niu\/\">\n\t\t\t\t\t<div class=\"e-con-inner\">\n\t\t\t\t<div class=\"elementor-element elementor-element-a430e8b elementor-widget elementor-widget-image\" data-id=\"a430e8b\" data-element_type=\"widget\" data-e-type=\"widget\" data-widget_type=\"image.default\">\n\t\t\t\t<div class=\"elementor-widget-container\">\n\t\t\t\t\t\t\t\t\t\t\t\t\t\t\t<img decoding=\"async\" width=\"804\" height=\"1200\" src=\"https:\/\/campabadalmorales.com\/wp-content\/uploads\/2024\/04\/campabadal-moralesi-niu-4.jpg\" class=\"elementor-animation-shrink attachment-full size-full wp-image-740\" alt=\"\" srcset=\"https:\/\/campabadalmorales.com\/wp-content\/uploads\/2024\/04\/campabadal-moralesi-niu-4.jpg 804w, https:\/\/campabadalmorales.com\/wp-content\/uploads\/2024\/04\/campabadal-moralesi-niu-4-201x300.jpg 201w, https:\/\/campabadalmorales.com\/wp-content\/uploads\/2024\/04\/campabadal-moralesi-niu-4-686x1024.jpg 686w, https:\/\/campabadalmorales.com\/wp-content\/uploads\/2024\/04\/campabadal-moralesi-niu-4-768x1146.jpg 768w\" sizes=\"(max-width: 804px) 100vw, 804px\" \/>\t\t\t\t\t\t\t\t\t\t\t\t\t\t\t<\/div>\n\t\t\t\t<\/div>\n\t\t\t\t<div class=\"elementor-element elementor-element-4c43a8c elementor-widget elementor-widget-heading\" data-id=\"4c43a8c\" data-element_type=\"widget\" data-e-type=\"widget\" data-widget_type=\"heading.default\">\n\t\t\t\t<div class=\"elementor-widget-container\">\n\t\t\t\t\t<h3 class=\"elementor-heading-title elementor-size-default\">Niu<\/h3>\t\t\t\t<\/div>\n\t\t\t\t<\/div>\n\t\t\t\t<div class=\"elementor-element elementor-element-3836c46 elementor-widget elementor-widget-post-info\" data-id=\"3836c46\" data-element_type=\"widget\" data-e-type=\"widget\" data-widget_type=\"post-info.default\">\n\t\t\t\t<div class=\"elementor-widget-container\">\n\t\t\t\t\t\t\t<ul class=\"elementor-inline-items elementor-icon-list-items elementor-post-info\">\n\t\t\t\t\t\t\t\t<li class=\"elementor-icon-list-item elementor-repeater-item-ff98075 elementor-inline-item\" itemprop=\"about\">\n\t\t\t\t\t\t\t\t\t\t\t\t\t<span class=\"elementor-icon-list-text elementor-post-info__item elementor-post-info__item--type-terms\">\n\t\t\t\t\t\t\t\t\t\t<span class=\"elementor-post-info__terms-list\">\n\t\t\t\t<span class=\"elementor-post-info__terms-list-item\">Colecci\u00f3n Obac<\/span>, <span class=\"elementor-post-info__terms-list-item\">L\u00e1mpara de sobremesa<\/span>\t\t\t\t<\/span>\n\t\t\t\t\t<\/span>\n\t\t\t\t\t\t\t\t<\/li>\n\t\t\t\t<\/ul>\n\t\t\t\t\t\t<\/div>\n\t\t\t\t<\/div>\n\t\t\t\t\t<\/div>\n\t\t\t\t<\/a>\n\t\t\t\t<\/div>\n\t\t\t\t<\/div>\n\t\t\n\t\t\t\t\t\t<\/div>\n\t\t\t\t<\/div>\n\t\t\t\t\t<\/div>\n\t\t\t\t<\/div>\n\t\t\t\t<\/div>\n\t\t","protected":false},"excerpt":{"rendered":"<p>mart\u00ed campabadal morales OBAC es una colecci\u00f3n de piezas lum\u00ednicas que sale del deseo y la necesidad de iluminar mi casa a trav\u00e9s de mis propios medios. Una l\u00e1mpara para la mesita de noche (Sotabosc), una l\u00e1mpara para el espacio com\u00fan (Niu) y una l\u00e1mpara para la lectura (Clariana). Las tres, inspiradas en elementos de [&hellip;]<\/p>\n","protected":false},"author":1,"featured_media":0,"parent":0,"menu_order":0,"comment_status":"closed","ping_status":"closed","template":"","meta":{"_acf_changed":false,"_seopress_robots_primary_cat":"","_seopress_titles_title":"","_seopress_titles_desc":"","_seopress_robots_index":"","inline_featured_image":false,"footnotes":""},"class_list":["post-1081","page","type-page","status-publish","hentry"],"acf":[],"_links":{"self":[{"href":"https:\/\/campabadalmorales.com\/es\/wp-json\/wp\/v2\/pages\/1081","targetHints":{"allow":["GET"]}}],"collection":[{"href":"https:\/\/campabadalmorales.com\/es\/wp-json\/wp\/v2\/pages"}],"about":[{"href":"https:\/\/campabadalmorales.com\/es\/wp-json\/wp\/v2\/types\/page"}],"author":[{"embeddable":true,"href":"https:\/\/campabadalmorales.com\/es\/wp-json\/wp\/v2\/users\/1"}],"replies":[{"embeddable":true,"href":"https:\/\/campabadalmorales.com\/es\/wp-json\/wp\/v2\/comments?post=1081"}],"version-history":[{"count":4,"href":"https:\/\/campabadalmorales.com\/es\/wp-json\/wp\/v2\/pages\/1081\/revisions"}],"predecessor-version":[{"id":1260,"href":"https:\/\/campabadalmorales.com\/es\/wp-json\/wp\/v2\/pages\/1081\/revisions\/1260"}],"wp:attachment":[{"href":"https:\/\/campabadalmorales.com\/es\/wp-json\/wp\/v2\/media?parent=1081"}],"curies":[{"name":"wp","href":"https:\/\/api.w.org\/{rel}","templated":true}]}}