{"id":1165,"date":"2024-04-03T12:33:19","date_gmt":"2024-04-03T10:33:19","guid":{"rendered":"https:\/\/campabadalmorales.com\/accessibilitat\/"},"modified":"2024-04-30T13:43:42","modified_gmt":"2024-04-30T11:43:42","slug":"accessibilitat","status":"publish","type":"page","link":"https:\/\/campabadalmorales.com\/es\/accessibilitat\/","title":{"rendered":"Accessibilitat"},"content":{"rendered":"<p><strong>Mart\u00ed Campabadal Morales<\/strong>\u00a0s\u2019ha comprom\u00e8s a fer accessibles els seus llocs web, de conformitat amb el\u00a0<a href=\"https:\/\/www.boe.es\/buscar\/act.php?id=BOE-A-2018-12699\" target=\"_blank\" rel=\"noopener\"><strong>Reial Decret 1112\/2018<\/strong><\/a>, de 7 de setembre, sobre accessibilitat dels llocs web i aplicacions per a dispositius m\u00f2bils del sector p\u00fablic, per la qual es trasposa a l\u2019ordenament jur\u00eddic espanyol la\u00a0<a href=\"https:\/\/eur-lex.europa.eu\/legal-content\/ES\/TXT\/?uri=uriserv:OJ.L_.2016.327.01.0001.01.SPA&amp;toc=OJ:L:2016:327:FULL\" target=\"_blank\" rel=\"noopener\"><strong>Directiva (UE) 2016\/2102 del Parlament Europeu i del Consell.<\/strong><\/a><\/p>\n<p>Aquesta declaraci\u00f3 d\u2019accessibilitat s\u2019aplica al lloc web <strong>campabadalmorales.com<\/strong><\/p>\n<p><strong>Situaci\u00f3 de compliment<\/strong><\/p>\n<p>Aquest lloc web \u00e9s parcialment conforme amb el\u00a0<strong><a href=\"https:\/\/www.boe.es\/buscar\/act.php?id=BOE-A-2018-12699\" target=\"_blank\" rel=\"noopener\">RD 1112\/2018<\/a><\/strong>\u00a0degut a les excepcions ia la manca de conformitat dels aspectes que s\u2019indiquen a continuaci\u00f3.<\/p>\n<p><strong>Contingut no accessible<\/strong><\/p>\n<p>El contingut que es recull a continuaci\u00f3 no \u00e9s accessible pel seg\u00fcent:<\/p>\n<ol>\n<li>Al portal poden existir continguts en altres idiomes en qu\u00e8 no est\u00e0 correctament etiquetat el canvi d\u2019idioma<\/li>\n<li>Els elements multim\u00e8dia nom\u00e9s \u00e0udio no tenen alternativa<\/li>\n<li>Hi ha v\u00eddeos sense subt\u00edtols<\/li>\n<li>Hi ha contingut textual sense un contrast suficient<\/li>\n<li>S\u2019observa com en alguns casos el focus no compleix la m\u00ednima r\u00e0tio de contrast requerida<\/li>\n<li>En algun cas pot produir-se solapament de contingut<\/li>\n<li>Hi ha documents PDF amb problemes d\u2019accessibilitat<\/li>\n<li>C\u00e0rrega desproporcionada: no s\u2019aplica.<\/li>\n<li>Contingut no entra dins l\u2019\u00e0mbit de la legislaci\u00f3 aplicable: Poden existir documents en format PDF que no compleixin \u00edntegrament tots els requisits d\u2019accessibilitat.<\/li>\n<\/ol>\n<p><strong>Preparaci\u00f3 d\u2019aquesta declaraci\u00f3 d\u2019accessibilitat<\/strong><\/p>\n<p>Aquesta declaraci\u00f3 va ser preparada el 4 d&#8217;abril\u00a0 de 2024.<\/p>\n<p>El m\u00e8tode emprat per preparar la declaraci\u00f3 ha estat una autoavaluaci\u00f3 duta a terme per PIKSTUDIO MULTIMEDIA, com a agent digitalitzador.<\/p>\n<p><strong>Observacions i dades de contacte<\/strong><\/p>\n<p>Podeu realitzar comunicacions sobre requisits d\u2019accessibilitat (article 10.2.a) del Reial decret 1112\/2018, de 7 de setembre) com, per exemple:<\/p>\n<ul>\n<li>Informar sobre qualsevol possible incompliment per part daquest lloc web.<\/li>\n<li>Transmetre altres dificultats dacc\u00e9s al contingut.<\/li>\n<li>Formular qualsevol altra consulta o suggeriment de millora relativa a l\u2019accessibilitat del lloc web.<\/li>\n<\/ul>\n<p>A trav\u00e9s de les vies seg\u00fcents:<\/p>\n<ul>\n<li>Correu electr\u00f2nic: hello@campabadalmorales.com<\/li>\n<li>Tel\u00e8fon +34 681 19 70 06<\/li>\n<\/ul>\n<p>Les comunicacions seran rebudes i tractades per la Mart\u00ed Campabadal Morales<\/p>\n<p><strong>Procediment d\u2019aplicaci\u00f3<\/strong><\/p>\n<p>S\u2019engegar\u00e0 un procediment d\u2019aplicaci\u00f3 adequat i efica\u00e7 al qual s\u2019ha de rec\u00f3rrer en cas que la resposta a la comunicaci\u00f3 oa la sol\u00b7licitud sigui insatisfact\u00f2ria.<\/p>\n<p><strong>Contingut opcional<\/strong><\/p>\n<p>Aquest lloc web:<\/p>\n<ul>\n<li>S\u2019ha dissenyat adaptant-se als est\u00e0ndards i normatives vigents en relaci\u00f3 amb l\u2019accessibilitat, complint amb els punts de verificaci\u00f3 de prioritat 2 (AA) definits a l\u2019especificaci\u00f3 de Pautes d\u2019Accessibilitat al Contingut a la Web (WCAG 2.1).<\/li>\n<li>Compleix amb els requisits de la Norma\u00a0<a href=\"https:\/\/administracionelectronica.gob.es\/pae_Home\/dam\/jcr:2352eaaf-2ee8-4501-a67b-bb682c6de934\/Norma_UNE-EN_301549.pdf\" target=\"_blank\" rel=\"noopener\">UNE-EN 301549 v1.1.2:2015<\/a>, considerant les excepcions del Reial Decret 1112\/2018.<\/li>\n<li>Est\u00e0 dissenyat per a la correcta visualitzaci\u00f3 en dispositius d\u2019escriptori, tablet i m\u00f2bils per a una resoluci\u00f3 m\u00ednima de 1280\u00d71024.<\/li>\n<li>S\u2019ha realitzat utilitzant HTML5 com a llenguatge de marcatge i fulls d\u2019estil CSS 3 pel disseny.<\/li>\n<li>Est\u00e0 dissenyat per al seu \u00fas amb javascript no intrusiu oferint, en el cas que el vostre navegador no ho suporti, la seva corresponent alternativa no javascript.<\/li>\n<\/ul>\n","protected":false},"excerpt":{"rendered":"<p>Mart\u00ed Campabadal Morales\u00a0s\u2019ha comprom\u00e8s a fer accessibles els seus llocs web, de conformitat amb el\u00a0Reial Decret 1112\/2018, de 7 de setembre, sobre accessibilitat dels llocs web i aplicacions per a dispositius m\u00f2bils del sector p\u00fablic, per la qual es trasposa a l\u2019ordenament jur\u00eddic espanyol la\u00a0Directiva (UE) 2016\/2102 del Parlament Europeu i del Consell. Aquesta declaraci\u00f3 [&hellip;]<\/p>\n","protected":false},"author":1,"featured_media":0,"parent":0,"menu_order":0,"comment_status":"closed","ping_status":"closed","template":"","meta":{"_acf_changed":false,"_seopress_robots_primary_cat":"","_seopress_titles_title":"","_seopress_titles_desc":"","_seopress_robots_index":"","inline_featured_image":false,"footnotes":""},"class_list":["post-1165","page","type-page","status-publish","hentry"],"acf":[],"_links":{"self":[{"href":"https:\/\/campabadalmorales.com\/es\/wp-json\/wp\/v2\/pages\/1165","targetHints":{"allow":["GET"]}}],"collection":[{"href":"https:\/\/campabadalmorales.com\/es\/wp-json\/wp\/v2\/pages"}],"about":[{"href":"https:\/\/campabadalmorales.com\/es\/wp-json\/wp\/v2\/types\/page"}],"author":[{"embeddable":true,"href":"https:\/\/campabadalmorales.com\/es\/wp-json\/wp\/v2\/users\/1"}],"replies":[{"embeddable":true,"href":"https:\/\/campabadalmorales.com\/es\/wp-json\/wp\/v2\/comments?post=1165"}],"version-history":[{"count":1,"href":"https:\/\/campabadalmorales.com\/es\/wp-json\/wp\/v2\/pages\/1165\/revisions"}],"predecessor-version":[{"id":1167,"href":"https:\/\/campabadalmorales.com\/es\/wp-json\/wp\/v2\/pages\/1165\/revisions\/1167"}],"wp:attachment":[{"href":"https:\/\/campabadalmorales.com\/es\/wp-json\/wp\/v2\/media?parent=1165"}],"curies":[{"name":"wp","href":"https:\/\/api.w.org\/{rel}","templated":true}]}}